{"id":376,"date":"2024-07-31T15:28:12","date_gmt":"2024-07-31T13:28:12","guid":{"rendered":"http:\/\/autohandwaesche-frechen.com\/?page_id=376"},"modified":"2024-08-02T10:10:59","modified_gmt":"2024-08-02T08:10:59","slug":"impressum-2","status":"publish","type":"page","link":"https:\/\/autohandwaesche-frechen.com\/?page_id=376","title":{"rendered":"Impressum 2"},"content":{"rendered":"<div class=\"\" style=\"\" >\n    \n    <section class=\"u-clearfix u-image u-section-2\" id=\"sec-6b11\" data-image-width=\"2048\" data-image-height=\"1365\" style=\"background-image: url(&quot;https:\/\/autohandwaesche-frechen.com\/wp-content\/uploads\/2024\/07\/man-poliert-ein-auto-in-einer-garage-2048x1365.jpg&quot;);\">\n      <div class=\"u-clearfix u-sheet u-sheet-1\">\n        <div class=\"data-layout-selected u-clearfix u-expanded-width u-gutter-0 u-layout-wrap u-layout-wrap-1\">\n          <div class=\"u-layout\" style=\"\">\n            <div class=\"u-layout-row\" style=\"\">\n              <div class=\"u-align-center u-container-style u-gradient u-layout-cell u-left-cell u-size-30 u-size-xs-60 u-layout-cell-1\" src=\"\">\n                <div class=\"u-container-layout u-container-layout-1\">\n                  <h2 class=\"u-align-center u-custom-font u-font-oswald u-text u-text-default u-text-white u-text-1\">Willkommen<\/h2>\n                  <p class=\"u-align-center u-custom-font u-font-oswald u-text u-text-white u-text-2\">\n                    <span class=\"u-text-custom-color-6\"> Eine Autohandw\u00e4sche bietet die perfekte Kombination aus sorgf\u00e4ltiger Pflege und Liebe zum Detail, um Ihr Fahrzeug<\/span>\n                    <span class=\"u-text-custom-color-6\">in neuem Glanz erstrahlen zu lassen und den Lack schonend zu reinigen.<\/span>\n                  <\/p>\n                <\/div>\n              <\/div>\n              <div class=\"u-align-center u-container-style u-image u-image-contain u-layout-cell u-right-cell u-size-30 u-size-xs-60 u-image-1\" src=\"\" data-image-width=\"1561\" data-image-height=\"818\" style=\"background-image: url(&quot;https:\/\/autohandwaesche-frechen.com\/wp-content\/uploads\/2024\/07\/Logo_Website_1.jpg&quot;);\">\n                <div class=\"u-container-layout u-valign-middle u-container-layout-2\" src=\"\"><\/div>\n              <\/div>\n            <\/div>\n          <\/div>\n        <\/div>\n      <\/div>\n    <\/section>\n    <section class=\"u-clearfix u-white u-section-3\" id=\"sec-58fd\">\n      <div class=\"u-clearfix u-sheet u-sheet-1\">\n        <p class=\"u-align-left u-custom-font u-font-oswald u-text u-text-custom-color-5 u-text-1\">Angaben nach \u00a75 TMG<br>\n        <\/p>\n        <p class=\"u-align-left u-custom-font u-font-oswald u-text u-text-custom-color-8 u-text-2\"> Haftungsausschluss:<br>\n          <br>Autohandw\u00e4sche UG Frechen<br>Inh. Mehmet Kabaklar <br>Carl-Benz-Stra\u00dfe 7 b,&nbsp;<br>50226 Frechen<br>\n          <br>\n          <span style=\"font-size: 1.125rem;\">\n            <br>\n            <br>\n          <\/span>Autohandw\u00e4sche UG Frechen<br>Inh. Mehmet Kabaklar <br>Carl-Benz-Stra\u00dfe 7 b,&nbsp;<br>50226 Frechen<br>\n          <br>\n          <br>\n          <br>Bildquelle: Freepik<br>https:\/\/de.freepik.com\/<br>\n          <br>Haftung f\u00fcr Inhalte<br>\n          <br>Die\n Inhalte unserer Seiten wurden mit gr\u00f6\u00dfter Sorgfalt erstellt. F\u00fcr die \nRichtigkeit, Vollst\u00e4ndigkeit und Aktualit\u00e4t der Inhalte k\u00f6nnen wir \njedoch keine Gew\u00e4hr \u00fcbernehmen. Als Diensteanbieter sind wir gem\u00e4\u00df \u00a7 7 \nAbs.1 TMG f\u00fcr eigene Inhalte auf diesen Seiten nach den allgemeinen \nGesetzen verantwortlich. Nach \u00a7\u00a7 8 bis 10 TMG sind wir als \nDiensteanbieter jedoch nicht verpflichtet, \u00fcbermittelte oder \ngespeicherte fremde Informationen zu \u00fcberwachen oder nach Umst\u00e4nden zu \nforschen, die auf eine rechtswidrige T\u00e4tigkeit hinweisen. \nVerpflichtungen zur Entfernung oder Sperrung der Nutzung von \nInformationen nach den allgemeinen Gesetzen bleiben hiervon unber\u00fchrt. \nEine diesbez\u00fcgliche Haftung ist jedoch erst ab dem Zeitpunkt der \nKenntnis einer konkreten Rechtsverletzung m\u00f6glich. Bei Bekanntwerden von\n entsprechenden Rechtsverletzungen werden wir diese Inhalte umgehend \nentfernen.<br>\n          <br>Haftung f\u00fcr Links<br>\n          <br>Unser \nAngebot enth\u00e4lt Links zu externen Webseiten Dritter, auf deren Inhalte \nwir keinen Einfluss haben. Deshalb k\u00f6nnen wir f\u00fcr diese fremden Inhalte \nauch keine Gew\u00e4hr \u00fcbernehmen. F\u00fcr die Inhalte der verlinkten Seiten ist \nstets der jeweilige Anbieter oder Betreiber der Seiten verantwortlich. \nDie verlinkten Seiten wurde\u200b\u200b\u200b\u200bn zum Zeitpunkt der Verlinkung auf m\u00f6gliche \nRechtsverst\u00f6\u00dfe \u00fcberpr\u00fcft. Rechtswidrige Inhalte waren zum Zeitpunkt der \nVerlinkung nicht erkennbar. Eine permanente inhaltliche Kontrolle der \nverlinkten Seiten ist jedoch ohne konkrete Anhaltspunkte einer \nRechtsverletzung nicht zumutbar. Bei Bekanntwerden von \nRechtsverletzungen werden wir derartige Links umgehend entfernen.<br>\n          <br>Datenschutz<br>\n          <br>Die\n Nutzung unserer Webseite ist in der Regel ohne Angabe personenbezogener\n Daten m\u00f6glich. Soweit auf unseren Seiten personenbezogene Daten \n(beispielsweise Name, Anschrift oder eMail-Adressen) erhoben werden, \nerfolgt dies, soweit m\u00f6glich, stets auf freiwilliger Basis. Diese Daten \nwerden ohne Ihre ausdr\u00fcckliche Zustimmung nicht an Dritte weitergegeben.<br>Wir\n weisen darauf hin, dass die Daten\u00fcbertragung im Internet (z.B. bei der \nKommunikation per E-Mail) Sicherheitsl\u00fccken aufweisen kann. Ein \nl\u00fcckenloser Schutz der Daten vor dem Zugriff durch Dritte ist nicht \nm\u00f6glich.<br>Der Nutzung von im Rahmen der Impressumspflicht \nver\u00f6ffentlichten Kontaktdaten durch Dritte zur \u00dcbersendung von nicht \nausdr\u00fccklich angeforderter Werbung und Informationsmaterialien wird \nhiermit ausdr\u00fccklich widersprochen. Die Betreiber der Seiten behalten \nsich ausdr\u00fccklich rechtliche Schritte im Falle der unverlangten \nZusendung von Werbeinformationen, etwa durch Spam-Mails, vor.<br>\n          <br>\n          <br>Google Analytics<br>\n          <br>Diese\n Website benutzt Google Analytics, einen Webanalysedienst der Google \nInc. (\u201cGoogle\u201c). Google Analytics verwendet sog. \u201cCookies\u201c, Textdateien,\n die auf Ihrem Computer gespeichert werden und die eine Analyse der \nBenutzung der Website durch Sie erm\u00f6glicht. Die durch den Cookie \nerzeugten Informationen \u00fcber Ihre Benutzung dieser Website \n(einschlie\u00dflich Ihrer IP-Adresse) wird an einen Server von Google in den\n USA \u00fcbertragen und dort gespeichert. Google wird diese Informationen \nbenutzen, um Ihre Nutzung der Website auszuwerten, um Reports \u00fcber die \nWebsiteaktivit\u00e4ten f\u00fcr die Websitebetreiber zusammenzustellen und um \nweitere mit der Websitenutzung und der Internetnutzung verbundene \nDienstleistungen zu erbringen. Auch wird Google diese Informationen \ngegebenenfalls an Dritte \u00fcbertragen, sofern dies gesetzlich \nvorgeschrieben oder soweit Dritte diese Daten im Auftrag von Google \nverarbeiten. Google wird in keinem Fall Ihre IP-Adresse mit anderen \nDaten der Google in Verbindung bringen. Sie k\u00f6nnen die Installation der \nCookies durch eine entsprechende Einstellung Ihrer Browser Software \nverhindern; wir weisen Sie jedoch darauf hin, dass Sie in diesem Fall \ngegebenenfalls nicht s\u00e4mtliche Funktionen dieser Website voll umf\u00e4nglich\n nutzen k\u00f6nnen. Durch die Nutzung dieser Website erkl\u00e4ren Sie sich mit \nder Bearbeitung der \u00fcber Sie erhobenen Daten durch Google in der zuvor \nbeschriebenen Art und Weise und zu dem zuvor benannten Zweck \neinverstanden.\nWebsite Impressum von <a href=\"https:\/\/www.impressum-generator.de\" class=\"u-btn u-button-style u-text-palette-1-base u-btn-1\">impressum-generator.de<\/a>\n        <\/p>\n        <a href=\"mailto:autohandwaesche-frechen@hotmail.com?subject=Website Kontakt\" class=\"u-btn u-btn-round u-button-style u-custom-color-8 u-hover-palette-1-light-2 u-radius u-btn-2\">Email Kontakt<span class=\"u-icon u-text-white\"><svg class=\"u-svg-content\" viewBox=\"0 0 512 512\" x=\"0px\" y=\"0px\" style=\"width: 1em; height: 1em;\"><path d=\"M506.134,241.843c-0.006-0.006-0.011-0.013-0.018-0.019l-104.504-104c-7.829-7.791-20.492-7.762-28.285,0.068 c-7.792,7.829-7.762,20.492,0.067,28.284L443.558,236H20c-11.046,0-20,8.954-20,20c0,11.046,8.954,20,20,20h423.557 l-70.162,69.824c-7.829,7.792-7.859,20.455-0.067,28.284c7.793,7.831,20.457,7.858,28.285,0.068l104.504-104 c0.006-.006,0.011-.013,0.018-.019C513.968,262.339,513.943,249.635,506.134,241.843z\"><\/path><\/svg><\/span>\n        <\/a>\n        <a href=\"mailto:autohandwaesche-frechen@hotmail.com?subject=Website Kontakt\" class=\"u-btn u-btn-round u-button-style u-custom-color-8 u-hover-palette-1-light-2 u-radius u-btn-3\">Email Kontakt<span class=\"u-icon u-text-white\"><svg class=\"u-svg-content\" viewBox=\"0 0 512 512\" x=\"0px\" y=\"0px\" style=\"width: 1em; height: 1em;\"><path d=\"M506.134,241.843c-0.006-0.006-0.011-0.013-0.018-0.019l-104.504-104c-7.829-7.791-20.492-7.762-28.285,0.068 c-7.792,7.829-7.762,20.492,0.067,28.284L443.558,236H20c-11.046,0-20,8.954-20,20c0,11.046,8.954,20,20,20h423.557 l-70.162,69.824c-7.829,7.792-7.859,20.455-0.067,28.284c7.793,7.831,20.457,7.858,28.285,0.068l104.504-104 c0.006-.006,0.011-.013,0.018-.019C513.968,262.339,513.943,249.635,506.134,241.843z\"><\/path><\/svg><\/span>\n        <\/a>\n        <a href=\"tel:+4915771494245\" class=\"u-btn u-btn-rectangle u-button-style u-custom-font u-font-oswald u-text-custom-color-8 u-btn-4\"><span class=\"u-icon\"><svg class=\"u-svg-content\" viewBox=\"0 0 405.333 405.333\" x=\"0px\" y=\"0px\" style=\"width: 1em; height: 1em;\"><path d=\"M373.333,266.88c-25.003,0-49.493-3.904-72.704-11.563c-11.328-3.904-24.192-0.896-31.637,6.699l-46.016,34.752    c-52.8-28.181-86.592-61.952-114.389-114.368l33.813-44.928c8.512-8.512,11.563-20.971,7.915-32.64    C142.592,81.472,138.667,56.96,138.667,32c0-17.643-14.357-32-32-32H32C14.357,0,0,14.357,0,32    c0,205.845,167.488,373.333,373.333,373.333c17.643,0,32-14.357,32-32V298.88C405.333,281.237,390.976,266.88,373.333,266.88z\"><\/path><\/svg><\/span>+49 (1577)149 4245\n        <\/a>\n        <a href=\"tel:+4915771494245\" class=\"u-btn u-btn-rectangle u-button-style u-custom-font u-font-oswald u-text-custom-color-8 u-btn-5\"><span class=\"u-icon\"><svg class=\"u-svg-content\" viewBox=\"0 0 405.333 405.333\" x=\"0px\" y=\"0px\" style=\"width: 1em; height: 1em;\"><path d=\"M373.333,266.88c-25.003,0-49.493-3.904-72.704-11.563c-11.328-3.904-24.192-0.896-31.637,6.699l-46.016,34.752    c-52.8-28.181-86.592-61.952-114.389-114.368l33.813-44.928c8.512-8.512,11.563-20.971,7.915-32.64    C142.592,81.472,138.667,56.96,138.667,32c0-17.643-14.357-32-32-32H32C14.357,0,0,14.357,0,32    c0,205.845,167.488,373.333,373.333,373.333c17.643,0,32-14.357,32-32V298.88C405.333,281.237,390.976,266.88,373.333,266.88z\"><\/path><\/svg><\/span>+49 (1577)149 4245\n        <\/a>\n      <\/div>\n    <\/section>\n    <section class=\"u-clearfix u-custom-color-6 u-section-4\" id=\"sec-f56f\">\n      <div class=\"u-clearfix u-sheet u-valign-top-lg u-valign-top-xl u-sheet-1\">\n        <h3 class=\"u-align-center u-custom-font u-font-oswald u-text u-text-white u-text-1\">Sie finden uns gleich an zwei Standorten<br>\n        <\/h3>\n        <div class=\"u-grey-light-2 u-map u-map-1\">\n          <div class=\"embed-responsive\">\n            <iframe class=\"embed-responsive-item\" src=\"https:\/\/www.google.com\/maps\/embed?pb=!3m2!1sen!2sde!4v1713102322627!5m2!1sen!2sde!6m8!1m7!1sgoAKPz6-mOyI5g8ZXeNubA!2m2!1d50.91264695429191!2d6.819691417342869!3f184.50804!4f0!5f0.7820865974627469\" data-map=\"JTdCJTIycG9zaXRpb25UeXBlJTIyJTNBJTIybWFwLWVtYmVkJTIyJTJDJTIyYWRkcmVzcyUyMiUzQSUyMmh0dHBzJTNBJTJGJTJGd3d3Lmdvb2dsZS5jb20lMkZtYXBzJTJGZW1iZWQlM0ZwYiUzRCEzbTIhMXNlbiEyc2RlITR2MTcxMzEwMjMyMjYyNyE1bTIhMXNlbiEyc2RlITZtOCExbTchMXNnb0FLUHo2LW1PeUk1ZzhaWGVOdWJBITJtMiExZDUwLjkxMjY0Njk1NDI5MTkxITJkNi44MTk2OTE0MTczNDI4NjkhM2YxODQuNTA4MDQhNGYwITVmMC43ODIwODY1OTc0NjI3NDY5JTIyJTJDJTIyem9vbSUyMiUzQTIwJTJDJTIydHlwZUlkJTIyJTNBJTIyc2F0ZWxsaXRlJTIyJTJDJTIybGFuZyUyMiUzQW51bGwlMkMlMjJhcGlLZXklMjIlM0FudWxsJTJDJTIybWFya2VycyUyMiUzQSU1QiU1RCUyQyUyMmVtYmVkJTIyJTNBJTIyaHR0cHMlM0ElMkYlMkZ3d3cuZ29vZ2xlLmNvbSUyRm1hcHMlMkZlbWJlZCUzRnBiJTNEITNtMiExc2VuITJzZGUhNHYxNzEzMTAyMzIyNjI3ITVtMiExc2VuITJzZGUhNm04ITFtNyExc2dvQUtQejYtbU95STVnOFpYZU51YkEhMm0yITFkNTAuOTEyNjQ2OTU0MjkxOTEhMmQ2LjgxOTY5MTQxNzM0Mjg2OSEzZjE4NC41MDgwNCE0ZjAhNWYwLjc4MjA4NjU5NzQ2Mjc0NjklMjIlN0Q=\"><\/iframe>\n          <\/div>\n        <\/div>\n        <div class=\"u-expanded-width-xs u-grey-light-2 u-map u-map-2\">\n          <div class=\"embed-responsive\">\n            <iframe class=\"embed-responsive-item\" src=\"https:\/\/www.google.com\/maps\/embed?pb=!3m2!1sen!2sde!4v1713102159051!5m2!1sen!2sde!6m8!1m7!1s7DETRvU4Z6nF_XB83XeR1A!2m2!1d50.91915025059463!2d6.819940451723832!3f296.32617!4f0!5f0.7820865974627469\" data-map=\"JTdCJTIycG9zaXRpb25UeXBlJTIyJTNBJTIybWFwLWVtYmVkJTIyJTJDJTIyYWRkcmVzcyUyMiUzQSUyMkFsZnJlZC1Ob2JlbC1TdHJhc3NlJTIwNDYlMkMlMjA1MDIyNiUyMEZyZWNoZW4lMjIlMkMlMjJ6b29tJTIyJTNBMjAlMkMlMjJ0eXBlSWQlMjIlM0ElMjJzYXRlbGxpdGUlMjIlMkMlMjJsYW5nJTIyJTNBbnVsbCUyQyUyMmFwaUtleSUyMiUzQW51bGwlMkMlMjJtYXJrZXJzJTIyJTNBJTVCJTVEJTJDJTIyZW1iZWQlMjIlM0ElMjJodHRwcyUzQSUyRiUyRnd3dy5nb29nbGUuY29tJTJGbWFwcyUyRmVtYmVkJTNGcGIlM0QhM20yITFzZW4hMnNkZSE0djE3MTMxMDIxNTkwNTEhNW0yITFzZW4hMnNkZSE2bTghMW03ITFzN0RFVFJ2VTRaNm5GX1hCODNYZVIxQSEybTIhMWQ1MC45MTkxNTAyNTA1OTQ2MyEyZDYuODE5OTQwNDUxNzIzODMyITNmMjk2LjMyNjE3ITRmMCE1ZjAuNzgyMDg2NTk3NDYyNzQ2OSUyMiU3RA==\"><\/iframe>\n          <\/div>\n        <\/div>\n        <a href=\"tel:+4915771494245\" class=\"u-btn u-btn-rectangle u-button-style u-custom-font u-font-oswald u-text-white u-btn-1\"><span class=\"u-icon u-icon-1\"><svg class=\"u-svg-content\" viewBox=\"0 0 405.333 405.333\" x=\"0px\" y=\"0px\" style=\"width: 1em; height: 1em;\"><path d=\"M373.333,266.88c-25.003,0-49.493-3.904-72.704-11.563c-11.328-3.904-24.192-0.896-31.637,6.699l-46.016,34.752    c-52.8-28.181-86.592-61.952-114.389-114.368l33.813-44.928c8.512-8.512,11.563-20.971,7.915-32.64    C142.592,81.472,138.667,56.96,138.667,32c0-17.643-14.357-32-32-32H32C14.357,0,0,14.357,0,32    c0,205.845,167.488,373.333,373.333,373.333c17.643,0,32-14.357,32-32V298.88C405.333,281.237,390.976,266.88,373.333,266.88z\"><\/path><\/svg><\/span>+ <span style=\"font-size: 1.25rem;\">49 (1577)1494245<\/span>\n        <\/a>\n        <a href=\"mailto:autohandwaesche-frechen@hotmail.com?subject=Websiten Kontakt\" class=\"u-border-none u-btn u-btn-round u-button-style u-hover-black u-radius u-text-custom-color-6 u-white u-btn-2\">E-Mail schreiben<span class=\"u-icon u-text-white\"><svg class=\"u-svg-content\" viewBox=\"0 0 512 512\" x=\"0px\" y=\"0px\" style=\"width: 1em; height: 1em;\"><path d=\"M506.134,241.843c-0.006-0.006-0.011-0.013-0.018-0.019l-104.504-104c-7.829-7.791-20.492-7.762-28.285,0.068 c-7.792,7.829-7.762,20.492,0.067,28.284L443.558,236H20c-11.046,0-20,8.954-20,20c0,11.046,8.954,20,20,20h423.557 l-70.162,69.824c-7.829,7.792-7.859,20.455-0.067,28.284c7.793,7.831,20.457,7.858,28.285,0.068l104.504-104 c0.006-.006,0.011-.013,0.018-.019C513.968,262.339,513.943,249.635,506.134,241.843z\"><\/path><\/svg><\/span>\n        <\/a>\n        <a href=\"tel:+4915771494245\" class=\"u-btn u-btn-rectangle u-button-style u-custom-font u-font-oswald u-text-body-alt-color u-btn-3\"><span class=\"u-icon u-icon-3\"><svg class=\"u-svg-content\" viewBox=\"0 0 405.333 405.333\" x=\"0px\" y=\"0px\" style=\"width: 1em; height: 1em;\"><path d=\"M373.333,266.88c-25.003,0-49.493-3.904-72.704-11.563c-11.328-3.904-24.192-0.896-31.637,6.699l-46.016,34.752    c-52.8-28.181-86.592-61.952-114.389-114.368l33.813-44.928c8.512-8.512,11.563-20.971,7.915-32.64    C142.592,81.472,138.667,56.96,138.667,32c0-17.643-14.357-32-32-32H32C14.357,0,0,14.357,0,32    c0,205.845,167.488,373.333,373.333,373.333c17.643,0,32-14.357,32-32V298.88C405.333,281.237,390.976,266.88,373.333,266.88z\"><\/path><\/svg><\/span>+ <span style=\"font-size: 1.25rem;\">49 (1577)1494245<\/span>\n        <\/a>\n        <a href=\"mailto:autohandwaesche-frechen@hotmail.com?subject=Websiten Kontakt\" class=\"u-border-none u-btn u-btn-round u-button-style u-hover-black u-radius u-text-custom-color-6 u-white u-btn-4\">E-Mail schreiben<span class=\"u-icon u-text-white\"><svg class=\"u-svg-content\" viewBox=\"0 0 512 512\" x=\"0px\" y=\"0px\" style=\"width: 1em; height: 1em;\"><path d=\"M506.134,241.843c-0.006-0.006-0.011-0.013-0.018-0.019l-104.504-104c-7.829-7.791-20.492-7.762-28.285,0.068 c-7.792,7.829-7.762,20.492,0.067,28.284L443.558,236H20c-11.046,0-20,8.954-20,20c0,11.046,8.954,20,20,20h423.557 l-70.162,69.824c-7.829,7.792-7.859,20.455-0.067,28.284c7.793,7.831,20.457,7.858,28.285,0.068l104.504-104 c0.006-.006,0.011-.013,0.018-.019C513.968,262.339,513.943,249.635,506.134,241.843z\"><\/path><\/svg><\/span>\n        <\/a>\n      <\/div>\n    <\/section>\n    <section class=\"u-clearfix u-white u-section-5\" id=\"sec-1eb1\">\n      <div class=\"u-clearfix u-sheet u-valign-middle u-sheet-1\">\n        <div class=\"custom-expanded u-gallery u-layout-grid u-lightbox u-no-transition u-show-text-none u-gallery-1\">\n          <div class=\"u-gallery-inner u-gallery-inner-1\">\n            <div class=\"u-effect-hover-zoom u-gallery-item\">\n              <div class=\"u-back-slide\" data-image-width=\"473\" data-image-height=\"924\">\n                <img decoding=\"async\" class=\"u-back-image u-expanded\" src=\"https:\/\/autohandwaesche-frechen.com\/wp-content\/uploads\/2024\/07\/PreislisteSeite1.png\">\n              <\/div>\n              <div class=\"u-over-slide u-shading u-over-slide-1\"><\/div>\n            <\/div>\n            <div class=\"u-effect-hover-zoom u-gallery-item\">\n              <div class=\"u-back-slide\" data-image-width=\"476\" data-image-height=\"927\">\n                <img decoding=\"async\" class=\"u-back-image u-expanded\" src=\"https:\/\/autohandwaesche-frechen.com\/wp-content\/uploads\/2024\/07\/PreislisteSeite2.png\">\n              <\/div>\n              <div class=\"u-over-slide u-shading u-over-slide-2\"><\/div>\n            <\/div>\n          <\/div>\n        <\/div>\n      <\/div>\n    <\/section>\n    \n    \n    \n  \n<\/div>","protected":false},"excerpt":{"rendered":"<p>Willkommen Eine Autohandw\u00e4sche bietet die perfekte Kombination aus sorgf\u00e4ltiger Pflege und Liebe zum Detail, um Ihr Fahrzeug in neuem Glanz erstrahlen zu lassen und den Lack schonend zu reinigen. Angaben nach \u00a75 TMG Haftungsausschluss: Autohandw\u00e4sche UG FrechenInh. Mehmet Kabaklar Carl-Benz-Stra\u00dfe 7 b,&nbsp;50226 Frechen Autohandw\u00e4sche UG FrechenInh. Mehmet Kabaklar Carl-Benz-Stra\u00dfe 7 b,&nbsp;50226 Frechen Bildquelle: Freepikhttps:\/\/de.freepik.com\/ Haftung&hellip; <a class=\"more-link\" href=\"https:\/\/autohandwaesche-frechen.com\/?page_id=376\"><span class=\"screen-reader-text\">Impressum 2<\/span> weiterlesen<\/a><\/p>\n","protected":false},"author":1,"featured_media":0,"parent":0,"menu_order":0,"comment_status":"closed","ping_status":"open","template":"","meta":{"footnotes":""},"class_list":["post-376","page","type-page","status-publish","hentry","entry"],"_links":{"self":[{"href":"https:\/\/autohandwaesche-frechen.com\/index.php?rest_route=\/wp\/v2\/pages\/376","targetHints":{"allow":["GET"]}}],"collection":[{"href":"https:\/\/autohandwaesche-frechen.com\/index.php?rest_route=\/wp\/v2\/pages"}],"about":[{"href":"https:\/\/autohandwaesche-frechen.com\/index.php?rest_route=\/wp\/v2\/types\/page"}],"author":[{"embeddable":true,"href":"https:\/\/autohandwaesche-frechen.com\/index.php?rest_route=\/wp\/v2\/users\/1"}],"replies":[{"embeddable":true,"href":"https:\/\/autohandwaesche-frechen.com\/index.php?rest_route=%2Fwp%2Fv2%2Fcomments&post=376"}],"version-history":[{"count":11,"href":"https:\/\/autohandwaesche-frechen.com\/index.php?rest_route=\/wp\/v2\/pages\/376\/revisions"}],"predecessor-version":[{"id":393,"href":"https:\/\/autohandwaesche-frechen.com\/index.php?rest_route=\/wp\/v2\/pages\/376\/revisions\/393"}],"wp:attachment":[{"href":"https:\/\/autohandwaesche-frechen.com\/index.php?rest_route=%2Fwp%2Fv2%2Fmedia&parent=376"}],"curies":[{"name":"wp","href":"https:\/\/api.w.org\/{rel}","templated":true}]}}