{"id":328,"date":"2024-07-27T15:28:42","date_gmt":"2024-07-27T13:28:42","guid":{"rendered":"http:\/\/autohandwaesche-frechen.com\/?page_id=328"},"modified":"2026-04-04T14:18:33","modified_gmt":"2026-04-04T12:18:33","slug":"start","status":"publish","type":"page","link":"https:\/\/autohandwaesche-frechen.com\/","title":{"rendered":"Start"},"content":{"rendered":"<div class=\"\" style=\"\" >\n    \n    <section class=\"u-clearfix u-color-var u-section-2\" id=\"sec-58fd\">\n      <div class=\"u-clearfix u-sheet u-valign-middle-xl u-valign-top-lg u-valign-top-md u-valign-top-sm u-sheet-1\">\n        <img decoding=\"async\" class=\"custom-expanded u-expanded-width-lg u-expanded-width-md u-expanded-width-sm u-expanded-width-xl u-image u-image-default u-image-1\" src=\"https:\/\/autohandwaesche-frechen.com\/wp-content\/uploads\/2026\/01\/Website_logo_3.jpg\" alt=\"\" data-image-width=\"840\" data-image-height=\"439\">\n        <div class=\"custom-expanded data-layout-selected u-clearfix u-gutter-0 u-layout-wrap u-layout-wrap-1\">\n          <div class=\"u-layout\" style=\"\">\n            <div class=\"u-layout-row\" style=\"\">\n              <div class=\"u-align-center u-container-align-center u-container-align-center-lg u-container-align-center-md u-container-align-center-sm u-container-align-center-xl u-container-style u-gradient u-layout-cell u-left-cell u-size-60 u-size-xs-60 u-layout-cell-1\" src=\"\">\n                <div class=\"u-container-layout u-container-layout-1\">\n                  <h2 class=\"u-align-center u-custom-font u-font-oswald u-text u-text-default u-text-white u-text-1\">Willkommen<\/h2>\n                  <p class=\"u-align-center u-custom-font u-font-oswald u-text u-text-white u-text-2\"><span class=\"u-text-custom-color-6\"> Eine Autohandw\u00e4sche bietet die perfekte Kombination aus sorgf\u00e4ltiger Pflege und Liebe zum Detail, um Ihr Fahrzeug<\/span><span class=\"u-text-custom-color-6\">in neuem Glanz erstrahlen zu lassen und den Lack schonend zu reinigen.<\/span>\n                  <\/p>\n                <\/div>\n              <\/div>\n            <\/div>\n          <\/div>\n        <\/div>\n      <\/div>\n    <\/section>\n    <section class=\"u-clearfix u-white u-section-3\" id=\"block-7\">\n      <div class=\"u-clearfix u-sheet u-sheet-1\">\n        <p class=\"u-align-center u-custom-font u-font-oswald u-text u-text-custom-color-5 u-text-1\">Unsere Serviceleistungen<br>\n        <\/p>\n        <div class=\"custom-expanded u-list u-list-1\">\n          <div class=\"u-repeater u-repeater-1\">\n            <div class=\"u-border-3 u-border-custom-color-6 u-container-style u-list-item u-repeater-item\">\n              <div class=\"u-container-layout u-similar-container u-valign-bottom u-container-layout-1\">\n                <ul class=\"u-custom-font u-font-oswald u-text u-text-default u-text-2\">\n                  <li>Kompetente Beratung <br>\n                  <\/li>\n                  <li>Hol - und Bring - Service<br>\n                  <\/li>\n                  <li>Fahrzeugaufbereitung<\/li>\n                <\/ul>\n                <img decoding=\"async\" class=\"u-image u-image-default u-preserve-proportions u-image-1\" src=\"https:\/\/autohandwaesche-frechen.com\/wp-content\/uploads\/2026\/01\/304704377_484998100301286_561443556989174840_n.jpg\" alt=\"\" data-image-width=\"1600\" data-image-height=\"1600\">\n              <\/div>\n            <\/div>\n            <div class=\"u-border-3 u-border-custom-color-6 u-container-style u-list-item u-repeater-item\">\n              <div class=\"u-container-layout u-similar-container u-valign-bottom u-container-layout-2\">\n                <ul class=\"u-custom-font u-font-oswald u-text u-text-default u-text-3\">\n                  <li>Handw\u00e4sche<\/li>\n                  <li>Dampfreinigung<\/li>\n                  <li>Polsterreinigung<\/li>\n                <\/ul>\n                <img decoding=\"async\" class=\"u-image u-image-default u-preserve-proportions u-image-2\" src=\"https:\/\/autohandwaesche-frechen.com\/wp-content\/uploads\/2026\/01\/304704377_484998100301286_561443556989174840_n.jpg\" alt=\"\" data-image-width=\"1600\" data-image-height=\"1600\">\n              <\/div>\n            <\/div>\n            <div class=\"u-border-3 u-border-custom-color-6 u-container-style u-list-item u-repeater-item\">\n              <div class=\"u-container-layout u-similar-container u-valign-bottom u-container-layout-3\">\n                <ul class=\"u-custom-font u-font-oswald u-text u-text-default u-text-4\">\n                  <li>Lackpolitur<\/li>\n                  <li>Lederpflege<\/li>\n                  <li>Fahrzeugaufbereitung<\/li>\n                <\/ul>\n                <img decoding=\"async\" class=\"u-image u-image-default u-preserve-proportions u-image-3\" src=\"https:\/\/autohandwaesche-frechen.com\/wp-content\/uploads\/2026\/01\/304704377_484998100301286_561443556989174840_n.jpg\" alt=\"\" data-image-width=\"1600\" data-image-height=\"1600\">\n              <\/div>\n            <\/div>\n          <\/div>\n        <\/div>\n      <\/div>\n    <\/section>\n    <section class=\"u-clearfix u-custom-color-8 u-section-4\" id=\"sec-f56f\">\n      <div class=\"u-clearfix u-sheet u-valign-top-lg u-sheet-1\">\n        <h3 class=\"u-align-center u-custom-font u-font-oswald u-text u-text-white u-text-1\">Sie finden uns gleich an zwei Standorten<br>\n        <\/h3>\n        <div class=\"u-grey-light-2 u-map u-map-1\">\n          <div class=\"embed-responsive\">\n            <iframe class=\"embed-responsive-item\" src=\"https:\/\/www.google.com\/maps\/embed?pb=!3m2!1sen!2sde!4v1713102322627!5m2!1sen!2sde!6m8!1m7!1sgoAKPz6-mOyI5g8ZXeNubA!2m2!1d50.91264695429191!2d6.819691417342869!3f184.50804!4f0!5f0.7820865974627469\" data-map=\"JTdCJTIycG9zaXRpb25UeXBlJTIyJTNBJTIybWFwLWVtYmVkJTIyJTJDJTIyYWRkcmVzcyUyMiUzQSUyMmh0dHBzJTNBJTJGJTJGd3d3Lmdvb2dsZS5jb20lMkZtYXBzJTJGZW1iZWQlM0ZwYiUzRCEzbTIhMXNlbiEyc2RlITR2MTcxMzEwMjMyMjYyNyE1bTIhMXNlbiEyc2RlITZtOCExbTchMXNnb0FLUHo2LW1PeUk1ZzhaWGVOdWJBITJtMiExZDUwLjkxMjY0Njk1NDI5MTkxITJkNi44MTk2OTE0MTczNDI4NjkhM2YxODQuNTA4MDQhNGYwITVmMC43ODIwODY1OTc0NjI3NDY5JTIyJTJDJTIyem9vbSUyMiUzQTIwJTJDJTIydHlwZUlkJTIyJTNBJTIyc2F0ZWxsaXRlJTIyJTJDJTIybGFuZyUyMiUzQW51bGwlMkMlMjJhcGlLZXklMjIlM0FudWxsJTJDJTIybWFya2VycyUyMiUzQSU1QiU1RCUyQyUyMmVtYmVkJTIyJTNBJTIyaHR0cHMlM0ElMkYlMkZ3d3cuZ29vZ2xlLmNvbSUyRm1hcHMlMkZlbWJlZCUzRnBiJTNEITNtMiExc2VuITJzZGUhNHYxNzEzMTAyMzIyNjI3ITVtMiExc2VuITJzZGUhNm04ITFtNyExc2dvQUtQejYtbU95STVnOFpYZU51YkEhMm0yITFkNTAuOTEyNjQ2OTU0MjkxOTEhMmQ2LjgxOTY5MTQxNzM0Mjg2OSEzZjE4NC41MDgwNCE0ZjAhNWYwLjc4MjA4NjU5NzQ2Mjc0NjklMjIlN0Q=\"><\/iframe>\n          <\/div>\n        <\/div>\n        <div class=\"u-expanded-width-xs u-grey-light-2 u-map u-map-2\">\n          <div class=\"embed-responsive\">\n            <iframe class=\"embed-responsive-item\" src=\"https:\/\/www.google.com\/maps\/embed?pb=!3m2!1sen!2sde!4v1713102159051!5m2!1sen!2sde!6m8!1m7!1s7DETRvU4Z6nF_XB83XeR1A!2m2!1d50.91915025059463!2d6.819940451723832!3f296.32617!4f0!5f0.7820865974627469\" data-map=\"JTdCJTIycG9zaXRpb25UeXBlJTIyJTNBJTIybWFwLWVtYmVkJTIyJTJDJTIyYWRkcmVzcyUyMiUzQSUyMkFsZnJlZC1Ob2JlbC1TdHJhc3NlJTIwNDYlMkMlMjA1MDIyNiUyMEZyZWNoZW4lMjIlMkMlMjJ6b29tJTIyJTNBMjAlMkMlMjJ0eXBlSWQlMjIlM0ElMjJzYXRlbGxpdGUlMjIlMkMlMjJsYW5nJTIyJTNBbnVsbCUyQyUyMmFwaUtleSUyMiUzQW51bGwlMkMlMjJtYXJrZXJzJTIyJTNBJTVCJTVEJTJDJTIyZW1iZWQlMjIlM0ElMjJodHRwcyUzQSUyRiUyRnd3dy5nb29nbGUuY29tJTJGbWFwcyUyRmVtYmVkJTNGcGIlM0QhM20yITFzZW4hMnNkZSE0djE3MTMxMDIxNTkwNTEhNW0yITFzZW4hMnNkZSE2bTghMW03ITFzN0RFVFJ2VTRaNm5GX1hCODNYZVIxQSEybTIhMWQ1MC45MTkxNTAyNTA1OTQ2MyEyZDYuODE5OTQwNDUxNzIzODMyITNmMjk2LjMyNjE3ITRmMCE1ZjAuNzgyMDg2NTk3NDYyNzQ2OSUyMiU3RA==\"><\/iframe>\n          <\/div>\n        <\/div>\n        <a href=\"tel:+4915771494245\" class=\"u-btn u-btn-rectangle u-button-style u-custom-font u-font-oswald u-text-white u-btn-1\"><span class=\"u-icon u-icon-1\"><svg class=\"u-svg-content\" viewBox=\"0 0 405.333 405.333\" x=\"0px\" y=\"0px\" style=\"width: 1em; height: 1em;\"><path d=\"M373.333,266.88c-25.003,0-49.493-3.904-72.704-11.563c-11.328-3.904-24.192-0.896-31.637,6.699l-46.016,34.752    c-52.8-28.181-86.592-61.952-114.389-114.368l33.813-44.928c8.512-8.512,11.563-20.971,7.915-32.64    C142.592,81.472,138.667,56.96,138.667,32c0-17.643-14.357-32-32-32H32C14.357,0,0,14.357,0,32    c0,205.845,167.488,373.333,373.333,373.333c17.643,0,32-14.357,32-32V298.88C405.333,281.237,390.976,266.88,373.333,266.88z\"><\/path><\/svg><\/span>+ <span style=\"font-size: 1.25rem;\">49 (1577)1494245<\/span>\n        <\/a>\n        <a href=\"mailto:autohandwaesche-frechen@hotmail.com?subject=Websiten Kontakt\" class=\"u-border-none u-btn u-btn-round u-button-style u-hover-black u-radius u-text-custom-color-6 u-white u-btn-2\">E-Mail schreiben<span class=\"u-icon u-text-white\"><svg class=\"u-svg-content\" viewBox=\"0 0 512 512\" x=\"0px\" y=\"0px\" style=\"width: 1em; height: 1em;\"><path d=\"M506.134,241.843c-0.006-0.006-0.011-0.013-0.018-0.019l-104.504-104c-7.829-7.791-20.492-7.762-28.285,0.068 c-7.792,7.829-7.762,20.492,0.067,28.284L443.558,236H20c-11.046,0-20,8.954-20,20c0,11.046,8.954,20,20,20h423.557 l-70.162,69.824c-7.829,7.792-7.859,20.455-0.067,28.284c7.793,7.831,20.457,7.858,28.285,0.068l104.504-104 c0.006-.006,0.011-.013,0.018-.019C513.968,262.339,513.943,249.635,506.134,241.843z\"><\/path><\/svg><\/span>\n        <\/a>\n        <a href=\"tel:+4915771494245\" class=\"u-btn u-btn-rectangle u-button-style u-custom-font u-font-oswald u-text-body-alt-color u-btn-3\"><span class=\"u-icon u-icon-3\"><svg class=\"u-svg-content\" viewBox=\"0 0 405.333 405.333\" x=\"0px\" y=\"0px\" style=\"width: 1em; height: 1em;\"><path d=\"M373.333,266.88c-25.003,0-49.493-3.904-72.704-11.563c-11.328-3.904-24.192-0.896-31.637,6.699l-46.016,34.752    c-52.8-28.181-86.592-61.952-114.389-114.368l33.813-44.928c8.512-8.512,11.563-20.971,7.915-32.64    C142.592,81.472,138.667,56.96,138.667,32c0-17.643-14.357-32-32-32H32C14.357,0,0,14.357,0,32    c0,205.845,167.488,373.333,373.333,373.333c17.643,0,32-14.357,32-32V298.88C405.333,281.237,390.976,266.88,373.333,266.88z\"><\/path><\/svg><\/span>+ <span style=\"font-size: 1.25rem;\">49 (1577)1494245<\/span>\n        <\/a>\n        <a href=\"mailto:autohandwaesche-frechen@hotmail.com?subject=Websiten Kontakt\" class=\"u-border-none u-btn u-btn-round u-button-style u-hover-black u-radius u-text-custom-color-6 u-white u-btn-4\">E-Mail schreiben<span class=\"u-icon u-text-white\"><svg class=\"u-svg-content\" viewBox=\"0 0 512 512\" x=\"0px\" y=\"0px\" style=\"width: 1em; height: 1em;\"><path d=\"M506.134,241.843c-0.006-0.006-0.011-0.013-0.018-0.019l-104.504-104c-7.829-7.791-20.492-7.762-28.285,0.068 c-7.792,7.829-7.762,20.492,0.067,28.284L443.558,236H20c-11.046,0-20,8.954-20,20c0,11.046,8.954,20,20,20h423.557 l-70.162,69.824c-7.829,7.792-7.859,20.455-0.067,28.284c7.793,7.831,20.457,7.858,28.285,0.068l104.504-104 c0.006-.006,0.011-.013,0.018-.019C513.968,262.339,513.943,249.635,506.134,241.843z\"><\/path><\/svg><\/span>\n        <\/a>\n      <\/div>\n    <\/section>\n    <section class=\"u-clearfix u-white u-section-5\" id=\"sec-1eb1\">\n      <div class=\"u-clearfix u-sheet u-valign-middle-lg u-valign-middle-xl u-sheet-1\">\n        <div class=\"custom-expanded u-gallery u-layout-grid u-lightbox u-no-transition u-show-text-none u-gallery-1\">\n          <div class=\"u-gallery-inner u-gallery-inner-1\">\n            <div class=\"u-effect-hover-zoom u-gallery-item\">\n              <div class=\"u-back-slide\" data-image-width=\"473\" data-image-height=\"924\">\n                <img decoding=\"async\" class=\"u-back-image u-expanded\" src=\"https:\/\/autohandwaesche-frechen.com\/wp-content\/uploads\/2026\/01\/Preisliste-Seite-1.png\">\n              <\/div>\n              <div class=\"u-over-slide u-shading u-over-slide-1\"><\/div>\n            <\/div>\n            <div class=\"u-effect-hover-zoom u-gallery-item\">\n              <div class=\"u-back-slide\" data-image-width=\"476\" data-image-height=\"927\">\n                <img decoding=\"async\" class=\"u-back-image u-expanded\" src=\"https:\/\/autohandwaesche-frechen.com\/wp-content\/uploads\/2026\/01\/Preisliste-Seite-2.png\">\n              <\/div>\n              <div class=\"u-over-slide u-shading u-over-slide-2\"><\/div>\n            <\/div>\n          <\/div>\n        <\/div>\n      <\/div>\n    <\/section>\n    \n    \n    \n    \n  \n<\/div>","protected":false},"excerpt":{"rendered":"<p>Willkommen Eine Autohandw\u00e4sche bietet die perfekte Kombination aus sorgf\u00e4ltiger Pflege und Liebe zum Detail, um Ihr Fahrzeugin neuem Glanz erstrahlen zu lassen und den Lack schonend zu reinigen. Unsere Serviceleistungen Kompetente Beratung Hol &#8211; und Bring &#8211; Service Fahrzeugaufbereitung Handw\u00e4sche Dampfreinigung Polsterreinigung Lackpolitur Lederpflege Fahrzeugaufbereitung Sie finden uns gleich an zwei Standorten + 49 (1577)1494245&hellip; <a class=\"more-link\" href=\"https:\/\/autohandwaesche-frechen.com\/\"><span class=\"screen-reader-text\">Start<\/span> weiterlesen<\/a><\/p>\n","protected":false},"author":1,"featured_media":0,"parent":0,"menu_order":0,"comment_status":"closed","ping_status":"open","template":"","meta":{"footnotes":""},"class_list":["post-328","page","type-page","status-publish","hentry","entry"],"yoast_head":"<!-- This site is optimized with the Yoast SEO plugin v25.7 - https:\/\/yoast.com\/wordpress\/plugins\/seo\/ -->\n<title>Start - Autohandw\u00e4sche Frechen<\/title>\n<meta name=\"description\" content=\"Willkommen Eine Autohandw\u00e4sche bietet die perfekte Kombination aus sorgf\u00e4ltiger Pflege und Liebe zum Detail, um Ihr Fahrzeugin neuem Glanz erstrahlen zu lassen und den Lack schonend zu reinigen. Unsere Serviceleistungen Kompetente Beratung Hol - und Bring - Service Fahrzeugaufbereitung Handw\u00e4sche Dampfreinigung Polsterreinigung Lackpolitur Lederpflege Fahrzeugaufbereitung Sie finden uns gleich an zwei Standorten + 49 (1577)1494245&hellip; Start weiterlesen\" \/>\n<meta name=\"robots\" content=\"index, follow, max-snippet:-1, max-image-preview:large, max-video-preview:-1\" \/>\n<link rel=\"canonical\" href=\"https:\/\/autohandwaesche-frechen.com\/\" \/>\n<meta property=\"og:locale\" content=\"de_DE\" \/>\n<meta property=\"og:type\" content=\"article\" \/>\n<meta property=\"og:title\" content=\"Start - Autohandw\u00e4sche Frechen\" \/>\n<meta property=\"og:description\" content=\"Willkommen Eine Autohandw\u00e4sche bietet die perfekte Kombination aus sorgf\u00e4ltiger Pflege und Liebe zum Detail, um Ihr Fahrzeugin neuem Glanz erstrahlen zu lassen und den Lack schonend zu reinigen. Unsere Serviceleistungen Kompetente Beratung Hol - und Bring - Service Fahrzeugaufbereitung Handw\u00e4sche Dampfreinigung Polsterreinigung Lackpolitur Lederpflege Fahrzeugaufbereitung Sie finden uns gleich an zwei Standorten + 49 (1577)1494245&hellip; Start weiterlesen\" \/>\n<meta property=\"og:url\" content=\"https:\/\/autohandwaesche-frechen.com\/\" \/>\n<meta property=\"og:site_name\" content=\"Autohandw\u00e4sche Frechen\" \/>\n<meta property=\"article:modified_time\" content=\"2026-04-04T12:18:33+00:00\" \/>\n<meta name=\"twitter:card\" content=\"summary_large_image\" \/>\n<script type=\"application\/ld+json\" class=\"yoast-schema-graph\">{\"@context\":\"https:\/\/schema.org\",\"@graph\":[{\"@type\":\"WebPage\",\"@id\":\"https:\/\/autohandwaesche-frechen.com\/\",\"url\":\"https:\/\/autohandwaesche-frechen.com\/\",\"name\":\"Start - Autohandw\u00e4sche Frechen\",\"isPartOf\":{\"@id\":\"http:\/\/autohandwaesche-frechen.com\/#website\"},\"datePublished\":\"2024-07-27T13:28:42+00:00\",\"dateModified\":\"2026-04-04T12:18:33+00:00\",\"breadcrumb\":{\"@id\":\"https:\/\/autohandwaesche-frechen.com\/#breadcrumb\"},\"inLanguage\":\"de\",\"potentialAction\":[{\"@type\":\"ReadAction\",\"target\":[\"https:\/\/autohandwaesche-frechen.com\/\"]}]},{\"@type\":\"BreadcrumbList\",\"@id\":\"https:\/\/autohandwaesche-frechen.com\/#breadcrumb\",\"itemListElement\":[{\"@type\":\"ListItem\",\"position\":1,\"name\":\"Home\",\"item\":\"https:\/\/autohandwaesche-frechen.com\/\"},{\"@type\":\"ListItem\",\"position\":2,\"name\":\"Start\"}]},{\"@type\":\"WebSite\",\"@id\":\"http:\/\/autohandwaesche-frechen.com\/#website\",\"url\":\"http:\/\/autohandwaesche-frechen.com\/\",\"name\":\"Autohandw\u00e4sche Frechen\",\"description\":\"\",\"potentialAction\":[{\"@type\":\"SearchAction\",\"target\":{\"@type\":\"EntryPoint\",\"urlTemplate\":\"http:\/\/autohandwaesche-frechen.com\/?s={search_term_string}\"},\"query-input\":{\"@type\":\"PropertyValueSpecification\",\"valueRequired\":true,\"valueName\":\"search_term_string\"}}],\"inLanguage\":\"de\"}]}<\/script>\n<!-- \/ Yoast SEO plugin. -->","yoast_head_json":{"title":"Start - Autohandw\u00e4sche Frechen","description":"Willkommen Eine Autohandw\u00e4sche bietet die perfekte Kombination aus sorgf\u00e4ltiger Pflege und Liebe zum Detail, um Ihr Fahrzeugin neuem Glanz erstrahlen zu lassen und den Lack schonend zu reinigen. Unsere Serviceleistungen Kompetente Beratung Hol - und Bring - Service Fahrzeugaufbereitung Handw\u00e4sche Dampfreinigung Polsterreinigung Lackpolitur Lederpflege Fahrzeugaufbereitung Sie finden uns gleich an zwei Standorten + 49 (1577)1494245&hellip; Start weiterlesen","robots":{"index":"index","follow":"follow","max-snippet":"max-snippet:-1","max-image-preview":"max-image-preview:large","max-video-preview":"max-video-preview:-1"},"canonical":"https:\/\/autohandwaesche-frechen.com\/","og_locale":"de_DE","og_type":"article","og_title":"Start - Autohandw\u00e4sche Frechen","og_description":"Willkommen Eine Autohandw\u00e4sche bietet die perfekte Kombination aus sorgf\u00e4ltiger Pflege und Liebe zum Detail, um Ihr Fahrzeugin neuem Glanz erstrahlen zu lassen und den Lack schonend zu reinigen. Unsere Serviceleistungen Kompetente Beratung Hol - und Bring - Service Fahrzeugaufbereitung Handw\u00e4sche Dampfreinigung Polsterreinigung Lackpolitur Lederpflege Fahrzeugaufbereitung Sie finden uns gleich an zwei Standorten + 49 (1577)1494245&hellip; Start weiterlesen","og_url":"https:\/\/autohandwaesche-frechen.com\/","og_site_name":"Autohandw\u00e4sche Frechen","article_modified_time":"2026-04-04T12:18:33+00:00","twitter_card":"summary_large_image","schema":{"@context":"https:\/\/schema.org","@graph":[{"@type":"WebPage","@id":"https:\/\/autohandwaesche-frechen.com\/","url":"https:\/\/autohandwaesche-frechen.com\/","name":"Start - Autohandw\u00e4sche Frechen","isPartOf":{"@id":"http:\/\/autohandwaesche-frechen.com\/#website"},"datePublished":"2024-07-27T13:28:42+00:00","dateModified":"2026-04-04T12:18:33+00:00","breadcrumb":{"@id":"https:\/\/autohandwaesche-frechen.com\/#breadcrumb"},"inLanguage":"de","potentialAction":[{"@type":"ReadAction","target":["https:\/\/autohandwaesche-frechen.com\/"]}]},{"@type":"BreadcrumbList","@id":"https:\/\/autohandwaesche-frechen.com\/#breadcrumb","itemListElement":[{"@type":"ListItem","position":1,"name":"Home","item":"https:\/\/autohandwaesche-frechen.com\/"},{"@type":"ListItem","position":2,"name":"Start"}]},{"@type":"WebSite","@id":"http:\/\/autohandwaesche-frechen.com\/#website","url":"http:\/\/autohandwaesche-frechen.com\/","name":"Autohandw\u00e4sche Frechen","description":"","potentialAction":[{"@type":"SearchAction","target":{"@type":"EntryPoint","urlTemplate":"http:\/\/autohandwaesche-frechen.com\/?s={search_term_string}"},"query-input":{"@type":"PropertyValueSpecification","valueRequired":true,"valueName":"search_term_string"}}],"inLanguage":"de"}]}},"_links":{"self":[{"href":"https:\/\/autohandwaesche-frechen.com\/index.php?rest_route=\/wp\/v2\/pages\/328","targetHints":{"allow":["GET"]}}],"collection":[{"href":"https:\/\/autohandwaesche-frechen.com\/index.php?rest_route=\/wp\/v2\/pages"}],"about":[{"href":"https:\/\/autohandwaesche-frechen.com\/index.php?rest_route=\/wp\/v2\/types\/page"}],"author":[{"embeddable":true,"href":"https:\/\/autohandwaesche-frechen.com\/index.php?rest_route=\/wp\/v2\/users\/1"}],"replies":[{"embeddable":true,"href":"https:\/\/autohandwaesche-frechen.com\/index.php?rest_route=%2Fwp%2Fv2%2Fcomments&post=328"}],"version-history":[{"count":32,"href":"https:\/\/autohandwaesche-frechen.com\/index.php?rest_route=\/wp\/v2\/pages\/328\/revisions"}],"predecessor-version":[{"id":18955,"href":"https:\/\/autohandwaesche-frechen.com\/index.php?rest_route=\/wp\/v2\/pages\/328\/revisions\/18955"}],"wp:attachment":[{"href":"https:\/\/autohandwaesche-frechen.com\/index.php?rest_route=%2Fwp%2Fv2%2Fmedia&parent=328"}],"curies":[{"name":"wp","href":"https:\/\/api.w.org\/{rel}","templated":true}]}}